{"id":86,"date":"2026-01-18T03:17:16","date_gmt":"2026-01-18T03:17:16","guid":{"rendered":"https:\/\/monmaghreb.net\/?page_id=86"},"modified":"2026-01-18T03:17:16","modified_gmt":"2026-01-18T03:17:16","slug":"restons-en-contact","status":"publish","type":"page","link":"http:\/\/monmaghreb.net\/index.php\/restons-en-contact\/","title":{"rendered":"Restons en Contact"},"content":{"rendered":"\n<p>Que vous soyez un auditeur, un professionnel de l&#8217;industrie musicale ou un partenaire potentiel, votre message est le bienvenu. Pour toute demande concernant le projet <strong>MonMaghreb<\/strong>, veuillez utiliser les coordonn\u00e9es ci-dessous.<\/p>\n\n\n\n<ul class=\"wp-block-list\">\n<li><strong>Email Officiel :<\/strong> <span \n                data-original-string='u\/wO7qrYr86Yf5ucNOvjxw==a32DAhNJJGCCd0\/qBLqY5N+zqaEjU5IC8zL6aUA70RhYP0='\n                class='apbct-email-encoder'\n                title='This contact has been encoded by Anti-Spam by CleanTalk. Click to decode. To finish the decoding make sure that JavaScript is enabled in your browser.'>Mo<span class=\"apbct-blur\">********<\/span>@<span class=\"apbct-blur\">********<\/span>eb.net<\/span><\/li>\n\n\n\n<li><strong>Site Web :<\/strong> <a href=\"https:\/\/monmaghreb.net\" target=\"_blank\" rel=\"noreferrer noopener\">www.monmaghreb.net<\/a><\/li>\n\n\n\n<li><strong>Localisation :<\/strong> Atlanta, GA (USA) \/ Carcassonne (FR) \/ Tunis (TN) \/ El Maleh (DZ) <\/li>\n<\/ul>\n\n\n\n<hr class=\"wp-block-separator has-alpha-channel-opacity\"\/>\n\n\n\n<h3 class=\"wp-block-heading\"><strong>R\u00e9seaux Sociaux Officiels<\/strong><\/h3>\n\n\n\n<p>Suivez l&#8217;actualit\u00e9 de MonMaghreb et restez inform\u00e9 des prochaines sorties :<\/p>\n\n\n\n<ul class=\"wp-block-list\">\n<li><strong>X (Twitter) :<\/strong> <a href=\"https:\/\/x.com\/MMaghreb50977\" target=\"_blank\" rel=\"noreferrer noopener\">@MMaghreb50977<\/a><\/li>\n\n\n\n<li><strong>YouTube :<\/strong> <a href=\"https:\/\/www.youtube.com\/@MonMaghreb\" target=\"_blank\" rel=\"noreferrer noopener\">@MonMaghreb<\/a><\/li>\n\n\n\n<li><strong>Spotify \/ Amazon Music \/ Apple Music \/ Pandora:<\/strong> MonMaghreb<\/li>\n<\/ul>\n\n\n\n<hr class=\"wp-block-separator has-alpha-channel-opacity\"\/>\n\n\n\n<h3 class=\"wp-block-heading\"><strong>Demandes Professionnelles<\/strong><\/h3>\n\n\n\n<p>Pour toute question relative au label, \u00e0 la distribution ou aux licences de synchronisation pour l&#8217;album <strong>&#8220;L&#8217;Encre de la M\u00e9moire&#8221;<\/strong>, merci de me contacter directement via l&#8217;adresse email mentionn\u00e9e plus haut. Je m&#8217;efforce de r\u00e9pondre \u00e0 toutes les sollicitations professionnelles sous 48 heures.<\/p>\n","protected":false},"excerpt":{"rendered":"<p>Que vous soyez un auditeur, un professionnel de l&#8217;industrie musicale ou un partenaire potentiel, votre message est le bienvenu. Pour toute demande concernant le projet MonMaghreb, veuillez utiliser les coordonn\u00e9es ci-dessous. R\u00e9seaux Sociaux Officiels Suivez l&#8217;actualit\u00e9 de MonMaghreb et restez inform\u00e9 des prochaines sorties : Demandes Professionnelles Pour toute question relative au label, \u00e0 la [&hellip;]<\/p>\n","protected":false},"author":1,"featured_media":0,"parent":0,"menu_order":0,"comment_status":"closed","ping_status":"closed","template":"","meta":{"footnotes":""},"class_list":["post-86","page","type-page","status-publish","hentry"],"yoast_head":"<!-- This site is optimized with the Yoast SEO plugin v27.5 - https:\/\/yoast.com\/product\/yoast-seo-wordpress\/ -->\n<title>Restons en Contact - MonMaghreb Artist<\/title>\n<meta name=\"robots\" content=\"index, follow, max-snippet:-1, max-image-preview:large, max-video-preview:-1\" \/>\n<link rel=\"canonical\" href=\"https:\/\/monmaghreb.net\/index.php\/restons-en-contact\/\" \/>\n<meta property=\"og:locale\" content=\"en_US\" \/>\n<meta property=\"og:type\" content=\"article\" \/>\n<meta property=\"og:title\" content=\"Restons en Contact - MonMaghreb Artist\" \/>\n<meta property=\"og:description\" content=\"Que vous soyez un auditeur, un professionnel de l&#8217;industrie musicale ou un partenaire potentiel, votre message est le bienvenu. Pour toute demande concernant le projet MonMaghreb, veuillez utiliser les coordonn\u00e9es ci-dessous. R\u00e9seaux Sociaux Officiels Suivez l&#8217;actualit\u00e9 de MonMaghreb et restez inform\u00e9 des prochaines sorties : Demandes Professionnelles Pour toute question relative au label, \u00e0 la [&hellip;]\" \/>\n<meta property=\"og:url\" content=\"https:\/\/monmaghreb.net\/index.php\/restons-en-contact\/\" \/>\n<meta property=\"og:site_name\" content=\"MonMaghreb Artist\" \/>\n<meta name=\"twitter:card\" content=\"summary_large_image\" \/>\n<meta name=\"twitter:label1\" content=\"Est. reading time\" \/>\n\t<meta name=\"twitter:data1\" content=\"1 minute\" \/>\n<script type=\"application\/ld+json\" class=\"yoast-schema-graph\">{\"@context\":\"https:\\\/\\\/schema.org\",\"@graph\":[{\"@type\":\"WebPage\",\"@id\":\"https:\\\/\\\/monmaghreb.net\\\/index.php\\\/restons-en-contact\\\/\",\"url\":\"https:\\\/\\\/monmaghreb.net\\\/index.php\\\/restons-en-contact\\\/\",\"name\":\"Restons en Contact - MonMaghreb Artist\",\"isPartOf\":{\"@id\":\"https:\\\/\\\/monmaghreb.net\\\/#website\"},\"datePublished\":\"2026-01-18T03:17:16+00:00\",\"breadcrumb\":{\"@id\":\"https:\\\/\\\/monmaghreb.net\\\/index.php\\\/restons-en-contact\\\/#breadcrumb\"},\"inLanguage\":\"en-US\",\"potentialAction\":[{\"@type\":\"ReadAction\",\"target\":[\"https:\\\/\\\/monmaghreb.net\\\/index.php\\\/restons-en-contact\\\/\"]}]},{\"@type\":\"BreadcrumbList\",\"@id\":\"https:\\\/\\\/monmaghreb.net\\\/index.php\\\/restons-en-contact\\\/#breadcrumb\",\"itemListElement\":[{\"@type\":\"ListItem\",\"position\":1,\"name\":\"Home\",\"item\":\"https:\\\/\\\/monmaghreb.net\\\/\"},{\"@type\":\"ListItem\",\"position\":2,\"name\":\"Restons en Contact\"}]},{\"@type\":\"WebSite\",\"@id\":\"https:\\\/\\\/monmaghreb.net\\\/#website\",\"url\":\"https:\\\/\\\/monmaghreb.net\\\/\",\"name\":\"MonMaghreb Artist\",\"description\":\"We are United\",\"publisher\":{\"@id\":\"https:\\\/\\\/monmaghreb.net\\\/#\\\/schema\\\/person\\\/665721bef2965901d57972af870f7e9d\"},\"potentialAction\":[{\"@type\":\"SearchAction\",\"target\":{\"@type\":\"EntryPoint\",\"urlTemplate\":\"https:\\\/\\\/monmaghreb.net\\\/?s={search_term_string}\"},\"query-input\":{\"@type\":\"PropertyValueSpecification\",\"valueRequired\":true,\"valueName\":\"search_term_string\"}}],\"inLanguage\":\"en-US\"},{\"@type\":[\"Person\",\"Organization\"],\"@id\":\"https:\\\/\\\/monmaghreb.net\\\/#\\\/schema\\\/person\\\/665721bef2965901d57972af870f7e9d\",\"name\":\"rachidgrib\",\"image\":{\"@type\":\"ImageObject\",\"inLanguage\":\"en-US\",\"@id\":\"https:\\\/\\\/monmaghreb.net\\\/wp-content\\\/uploads\\\/2026\\\/01\\\/MonMaghreb-Artist-Logo.jpg\",\"url\":\"https:\\\/\\\/monmaghreb.net\\\/wp-content\\\/uploads\\\/2026\\\/01\\\/MonMaghreb-Artist-Logo.jpg\",\"contentUrl\":\"https:\\\/\\\/monmaghreb.net\\\/wp-content\\\/uploads\\\/2026\\\/01\\\/MonMaghreb-Artist-Logo.jpg\",\"width\":1024,\"height\":623,\"caption\":\"rachidgrib\"},\"logo\":{\"@id\":\"https:\\\/\\\/monmaghreb.net\\\/wp-content\\\/uploads\\\/2026\\\/01\\\/MonMaghreb-Artist-Logo.jpg\"},\"sameAs\":[\"http:\\\/\\\/monmaghreb.net\"]}]}<\/script>\n<!-- \/ Yoast SEO plugin. -->","yoast_head_json":{"title":"Restons en Contact - MonMaghreb Artist","robots":{"index":"index","follow":"follow","max-snippet":"max-snippet:-1","max-image-preview":"max-image-preview:large","max-video-preview":"max-video-preview:-1"},"canonical":"https:\/\/monmaghreb.net\/index.php\/restons-en-contact\/","og_locale":"en_US","og_type":"article","og_title":"Restons en Contact - MonMaghreb Artist","og_description":"Que vous soyez un auditeur, un professionnel de l&#8217;industrie musicale ou un partenaire potentiel, votre message est le bienvenu. Pour toute demande concernant le projet MonMaghreb, veuillez utiliser les coordonn\u00e9es ci-dessous. R\u00e9seaux Sociaux Officiels Suivez l&#8217;actualit\u00e9 de MonMaghreb et restez inform\u00e9 des prochaines sorties : Demandes Professionnelles Pour toute question relative au label, \u00e0 la [&hellip;]","og_url":"https:\/\/monmaghreb.net\/index.php\/restons-en-contact\/","og_site_name":"MonMaghreb Artist","twitter_card":"summary_large_image","twitter_misc":{"Est. reading time":"1 minute"},"schema":{"@context":"https:\/\/schema.org","@graph":[{"@type":"WebPage","@id":"https:\/\/monmaghreb.net\/index.php\/restons-en-contact\/","url":"https:\/\/monmaghreb.net\/index.php\/restons-en-contact\/","name":"Restons en Contact - MonMaghreb Artist","isPartOf":{"@id":"https:\/\/monmaghreb.net\/#website"},"datePublished":"2026-01-18T03:17:16+00:00","breadcrumb":{"@id":"https:\/\/monmaghreb.net\/index.php\/restons-en-contact\/#breadcrumb"},"inLanguage":"en-US","potentialAction":[{"@type":"ReadAction","target":["https:\/\/monmaghreb.net\/index.php\/restons-en-contact\/"]}]},{"@type":"BreadcrumbList","@id":"https:\/\/monmaghreb.net\/index.php\/restons-en-contact\/#breadcrumb","itemListElement":[{"@type":"ListItem","position":1,"name":"Home","item":"https:\/\/monmaghreb.net\/"},{"@type":"ListItem","position":2,"name":"Restons en Contact"}]},{"@type":"WebSite","@id":"https:\/\/monmaghreb.net\/#website","url":"https:\/\/monmaghreb.net\/","name":"MonMaghreb Artist","description":"We are United","publisher":{"@id":"https:\/\/monmaghreb.net\/#\/schema\/person\/665721bef2965901d57972af870f7e9d"},"potentialAction":[{"@type":"SearchAction","target":{"@type":"EntryPoint","urlTemplate":"https:\/\/monmaghreb.net\/?s={search_term_string}"},"query-input":{"@type":"PropertyValueSpecification","valueRequired":true,"valueName":"search_term_string"}}],"inLanguage":"en-US"},{"@type":["Person","Organization"],"@id":"https:\/\/monmaghreb.net\/#\/schema\/person\/665721bef2965901d57972af870f7e9d","name":"rachidgrib","image":{"@type":"ImageObject","inLanguage":"en-US","@id":"https:\/\/monmaghreb.net\/wp-content\/uploads\/2026\/01\/MonMaghreb-Artist-Logo.jpg","url":"https:\/\/monmaghreb.net\/wp-content\/uploads\/2026\/01\/MonMaghreb-Artist-Logo.jpg","contentUrl":"https:\/\/monmaghreb.net\/wp-content\/uploads\/2026\/01\/MonMaghreb-Artist-Logo.jpg","width":1024,"height":623,"caption":"rachidgrib"},"logo":{"@id":"https:\/\/monmaghreb.net\/wp-content\/uploads\/2026\/01\/MonMaghreb-Artist-Logo.jpg"},"sameAs":["http:\/\/monmaghreb.net"]}]}},"_links":{"self":[{"href":"http:\/\/monmaghreb.net\/index.php\/wp-json\/wp\/v2\/pages\/86","targetHints":{"allow":["GET"]}}],"collection":[{"href":"http:\/\/monmaghreb.net\/index.php\/wp-json\/wp\/v2\/pages"}],"about":[{"href":"http:\/\/monmaghreb.net\/index.php\/wp-json\/wp\/v2\/types\/page"}],"author":[{"embeddable":true,"href":"http:\/\/monmaghreb.net\/index.php\/wp-json\/wp\/v2\/users\/1"}],"replies":[{"embeddable":true,"href":"http:\/\/monmaghreb.net\/index.php\/wp-json\/wp\/v2\/comments?post=86"}],"version-history":[{"count":1,"href":"http:\/\/monmaghreb.net\/index.php\/wp-json\/wp\/v2\/pages\/86\/revisions"}],"predecessor-version":[{"id":87,"href":"http:\/\/monmaghreb.net\/index.php\/wp-json\/wp\/v2\/pages\/86\/revisions\/87"}],"wp:attachment":[{"href":"http:\/\/monmaghreb.net\/index.php\/wp-json\/wp\/v2\/media?parent=86"}],"curies":[{"name":"wp","href":"https:\/\/api.w.org\/{rel}","templated":true}]}}